{"id":44,"date":"2023-05-29T14:01:50","date_gmt":"2023-05-29T12:01:50","guid":{"rendered":"https:\/\/farmaciacarlotacastro.com\/?page_id=44"},"modified":"2023-08-25T15:00:44","modified_gmt":"2023-08-25T13:00:44","slug":"dermocosmetica","status":"publish","type":"page","link":"https:\/\/farmaciacarlotacastro.com\/en\/dermocosmetica\/","title":{"rendered":"Dermocosm\u00e9tica"},"content":{"rendered":"<p>[et_pb_section fb_built=\u00bb1&#8243; admin_label=\u00bbSecci\u00f3n\u00bb _builder_version=\u00bb4.21.0&#8243; _module_preset=\u00bbdefault\u00bb background_color=\u00bbRGBA(255,255,255,0)\u00bb custom_padding=\u00bb0px||0px||false|false\u00bb global_colors_info=\u00bb{}\u00bb][et_pb_row admin_label=\u00bbSLIDER\u00bb _builder_version=\u00bb4.21.0&#8243; _module_preset=\u00bbdefault\u00bb background_color=\u00bb#FFFFFF\u00bb width=\u00bb100%\u00bb custom_margin=\u00bb||||false|false\u00bb custom_padding=\u00bb0px||0px||true|false\u00bb global_colors_info=\u00bb{}\u00bb][et_pb_column type=\u00bb4_4&#8243; _builder_version=\u00bb4.21.0&#8243; _module_preset=\u00bbdefault\u00bb global_colors_info=\u00bb{}\u00bb][et_pb_slider show_arrows=\u00bboff\u00bb show_pagination=\u00bboff\u00bb dot_nav_custom_color=\u00bb#4A2E2B\u00bb _builder_version=\u00bb4.21.0&#8243; _module_preset=\u00bbdefault\u00bb height=\u00bb455px\u00bb global_colors_info=\u00bb{}\u00bb][et_pb_slide _builder_version=\u00bb4.21.0&#8243; _module_preset=\u00bbdefault\u00bb background_enable_color=\u00bboff\u00bb background_image=\u00bbhttps:\/\/farmaciacarlotacastro.com\/wp-content\/uploads\/2023\/05\/home-slider-01.jpg\u00bb background_enable_image=\u00bbon\u00bb global_colors_info=\u00bb{}\u00bb sticky_transition=\u00bbon\u00bb][\/et_pb_slide][\/et_pb_slider][\/et_pb_column][\/et_pb_row][et_pb_row admin_label=\u00bbINTRO\u00bb _builder_version=\u00bb4.21.0&#8243; _module_preset=\u00bbdefault\u00bb background_color=\u00bb#FFFFFF\u00bb width=\u00bb100%\u00bb custom_margin=\u00bb||||false|false\u00bb custom_padding=\u00bb80px||||false|false\u00bb global_colors_info=\u00bb{}\u00bb][et_pb_column type=\u00bb4_4&#8243; _builder_version=\u00bb4.21.0&#8243; _module_preset=\u00bbdefault\u00bb global_colors_info=\u00bb{}\u00bb][et_pb_text _builder_version=\u00bb4.21.0&#8243; _module_preset=\u00bbdefault\u00bb text_orientation=\u00bbcenter\u00bb width=\u00bb34%\u00bb width_tablet=\u00bb90%\u00bb width_phone=\u00bb85%\u00bb width_last_edited=\u00bbon|tablet\u00bb module_alignment=\u00bbcenter\u00bb global_colors_info=\u00bb{}\u00bb]<\/p>\n<h1>Somos tu farmacia especializada en <span> Dermocosm\u00e9tica <\/span><\/h1>\n<p>Ofrecemos una amplia variedad de <strong>productos dermocosm\u00e9ticos de alta calidad<\/strong>, seleccionados cuidadosamente de las <strong>mejores marcas<\/strong> del mercado, para satisfacer las necesidades de cada tipo de piel.[\/et_pb_text][\/et_pb_column][\/et_pb_row][et_pb_row column_structure=\u00bb2_5,3_5&#8243; use_custom_gutter=\u00bbon\u00bb gutter_width=\u00bb1&#8243; make_equal=\u00bbon\u00bb admin_label=\u00bbBLOQUE 1&#8243; _builder_version=\u00bb4.21.0&#8243; _module_preset=\u00bbdefault\u00bb background_color=\u00bb#FFFFFF\u00bb width=\u00bb100%\u00bb custom_margin=\u00bb||||false|false\u00bb custom_padding=\u00bb||||false|false\u00bb global_colors_info=\u00bb{}\u00bb][et_pb_column type=\u00bb2_5&#8243; _builder_version=\u00bb4.21.0&#8243; _module_preset=\u00bbdefault\u00bb global_colors_info=\u00bb{}\u00bb][et_pb_image src=\u00bbhttps:\/\/farmaciacarlotacastro.com\/wp-content\/uploads\/2023\/05\/home-farmacia-04.jpg\u00bb title_text=\u00bbhome-farmacia-04&#8243; show_bottom_space=\u00bboff\u00bb align=\u00bbright\u00bb align_tablet=\u00bbcenter\u00bb align_phone=\u00bbcenter\u00bb align_last_edited=\u00bbon|phone\u00bb _builder_version=\u00bb4.21.0&#8243; _module_preset=\u00bbdefault\u00bb custom_padding=\u00bb||50px||false|false\u00bb global_colors_info=\u00bb{}\u00bb][\/et_pb_image][\/et_pb_column][et_pb_column type=\u00bb3_5&#8243; _builder_version=\u00bb4.21.0&#8243; _module_preset=\u00bbdefault\u00bb custom_css_main_element=\u00bbmargin: auto;\u00bb global_colors_info=\u00bb{}\u00bb][et_pb_text _builder_version=\u00bb4.21.0&#8243; _module_preset=\u00bbdefault\u00bb width=\u00bb70%\u00bb width_tablet=\u00bb90%\u00bb width_phone=\u00bb85%\u00bb width_last_edited=\u00bbon|tablet\u00bb module_alignment=\u00bbcenter\u00bb text_orientation_tablet=\u00bbcenter\u00bb text_orientation_phone=\u00bbcenter\u00bb text_orientation_last_edited=\u00bbon|phone\u00bb global_colors_info=\u00bb{}\u00bb]<\/p>\n<h1>Analizamos tu piel para proponerte una rutina cosm\u00e9tica personalizada:<\/h1>\n<ul>\n<li style=\"text-align: left;\">Hidrataci\u00f3n<\/li>\n<li style=\"text-align: left;\">Cantidad de sebo<\/li>\n<li style=\"text-align: left;\">Nivel de col\u00e1geno<\/li>\n<li style=\"text-align: left;\">Manchas<\/li>\n<li style=\"text-align: left;\">Rojeces<\/li>\n<li style=\"text-align: left;\">Acn\u00e9<\/li>\n<\/ul>\n<p>[\/et_pb_text][\/et_pb_column][\/et_pb_row][et_pb_row column_structure=\u00bb3_5,2_5&#8243; use_custom_gutter=\u00bbon\u00bb gutter_width=\u00bb1&#8243; make_equal=\u00bbon\u00bb admin_label=\u00bbBLOQUE 2&#8243; _builder_version=\u00bb4.21.0&#8243; _module_preset=\u00bbdefault\u00bb background_color=\u00bb#FFFFFF\u00bb width=\u00bb100%\u00bb custom_margin=\u00bb||||false|false\u00bb custom_padding=\u00bb||||false|false\u00bb global_colors_info=\u00bb{}\u00bb][et_pb_column type=\u00bb3_5&#8243; _builder_version=\u00bb4.21.0&#8243; _module_preset=\u00bbdefault\u00bb custom_css_main_element=\u00bbmargin: auto;\u00bb global_colors_info=\u00bb{}\u00bb][et_pb_text _builder_version=\u00bb4.21.0&#8243; _module_preset=\u00bbdefault\u00bb text_orientation=\u00bbright\u00bb width=\u00bb70%\u00bb width_tablet=\u00bb90%\u00bb width_phone=\u00bb85%\u00bb width_last_edited=\u00bbon|tablet\u00bb module_alignment=\u00bbcenter\u00bb custom_margin=\u00bb||35px||false|false\u00bb custom_padding=\u00bb||||false|false\u00bb text_orientation_tablet=\u00bbcenter\u00bb text_orientation_phone=\u00bbcenter\u00bb text_orientation_last_edited=\u00bbon|tablet\u00bb global_colors_info=\u00bb{}\u00bb]<\/p>\n<h1>Te ayudamos a preparar un regalo personalizado para cualquier miembro de la familia , amiga o amigo.<\/h1>\n<p>[\/et_pb_text][\/et_pb_column][et_pb_column type=\u00bb2_5&#8243; _builder_version=\u00bb4.21.0&#8243; _module_preset=\u00bbdefault\u00bb global_colors_info=\u00bb{}\u00bb][et_pb_image src=\u00bbhttps:\/\/farmaciacarlotacastro.com\/wp-content\/uploads\/2023\/05\/home-farmacia-02.jpg\u00bb title_text=\u00bbhome-farmacia-02&#8243; align_tablet=\u00bbcenter\u00bb align_phone=\u00bbcenter\u00bb align_last_edited=\u00bbon|tablet\u00bb _builder_version=\u00bb4.21.0&#8243; _module_preset=\u00bbdefault\u00bb global_colors_info=\u00bb{}\u00bb][\/et_pb_image][\/et_pb_column][\/et_pb_row][\/et_pb_section]<\/p>","protected":false},"excerpt":{"rendered":"<p>Somos tu farmacia especializada en Dermocosm\u00e9tica Ofrecemos una amplia variedad de productos dermocosm\u00e9ticos de alta calidad, seleccionados cuidadosamente de las mejores marcas del mercado, para satisfacer las necesidades de cada tipo de piel.Analizamos tu piel para proponerte una rutina cosm\u00e9tica personalizada: Hidrataci\u00f3n Cantidad de sebo Nivel de col\u00e1geno Manchas Rojeces Acn\u00e9 Te ayudamos a preparar [&hellip;]<\/p>","protected":false},"author":2,"featured_media":0,"parent":0,"menu_order":0,"comment_status":"closed","ping_status":"closed","template":"","meta":{"_et_pb_use_builder":"on","_et_pb_old_content":"","_et_gb_content_width":"","footnotes":""},"class_list":["post-44","page","type-page","status-publish","hentry"],"yoast_head":"<!-- This site is optimized with the Yoast SEO plugin v20.8 - https:\/\/yoast.com\/wordpress\/plugins\/seo\/ -->\n<title>Tratamiento antiedad - Carlota Castro Farmacia<\/title>\n<meta name=\"description\" content=\"Entre nuestros m\u00faltiples productos de dermocosmetica, cabe destacar nuestro tratamiento antiedad. Para eso y mucho m\u00e1s, no dudes en visitarnos!\" \/>\n<meta name=\"robots\" content=\"index, follow, max-snippet:-1, max-image-preview:large, max-video-preview:-1\" \/>\n<link rel=\"canonical\" href=\"https:\/\/farmaciacarlotacastro.com\/en\/dermocosmetica\/\" \/>\n<meta property=\"og:locale\" content=\"en_US\" \/>\n<meta property=\"og:type\" content=\"article\" \/>\n<meta property=\"og:title\" content=\"Tratamiento antiedad - Carlota Castro Farmacia\" \/>\n<meta property=\"og:description\" content=\"Entre nuestros m\u00faltiples productos de dermocosmetica, cabe destacar nuestro tratamiento antiedad. Para eso y mucho m\u00e1s, no dudes en visitarnos!\" \/>\n<meta property=\"og:url\" content=\"https:\/\/farmaciacarlotacastro.com\/en\/dermocosmetica\/\" \/>\n<meta property=\"og:site_name\" content=\"Carlota Castro Farmacia\" \/>\n<meta property=\"article:modified_time\" content=\"2023-08-25T13:00:44+00:00\" \/>\n<meta name=\"twitter:card\" content=\"summary_large_image\" \/>\n<meta name=\"twitter:label1\" content=\"Est. reading time\" \/>\n\t<meta name=\"twitter:data1\" content=\"2 minutes\" \/>\n<script type=\"application\/ld+json\" class=\"yoast-schema-graph\">{\"@context\":\"https:\/\/schema.org\",\"@graph\":[{\"@type\":\"WebPage\",\"@id\":\"https:\/\/farmaciacarlotacastro.com\/dermocosmetica\/\",\"url\":\"https:\/\/farmaciacarlotacastro.com\/dermocosmetica\/\",\"name\":\"Tratamiento antiedad - Carlota Castro Farmacia\",\"isPartOf\":{\"@id\":\"https:\/\/farmaciacarlotacastro.com\/#website\"},\"datePublished\":\"2023-05-29T12:01:50+00:00\",\"dateModified\":\"2023-08-25T13:00:44+00:00\",\"description\":\"Entre nuestros m\u00faltiples productos de dermocosmetica, cabe destacar nuestro tratamiento antiedad. Para eso y mucho m\u00e1s, no dudes en visitarnos!\",\"breadcrumb\":{\"@id\":\"https:\/\/farmaciacarlotacastro.com\/dermocosmetica\/#breadcrumb\"},\"inLanguage\":\"en-US\",\"potentialAction\":[{\"@type\":\"ReadAction\",\"target\":[\"https:\/\/farmaciacarlotacastro.com\/dermocosmetica\/\"]}]},{\"@type\":\"BreadcrumbList\",\"@id\":\"https:\/\/farmaciacarlotacastro.com\/dermocosmetica\/#breadcrumb\",\"itemListElement\":[{\"@type\":\"ListItem\",\"position\":1,\"name\":\"Portada\",\"item\":\"https:\/\/farmaciacarlotacastro.com\/\"},{\"@type\":\"ListItem\",\"position\":2,\"name\":\"Dermocosm\u00e9tica\"}]},{\"@type\":\"WebSite\",\"@id\":\"https:\/\/farmaciacarlotacastro.com\/#website\",\"url\":\"https:\/\/farmaciacarlotacastro.com\/\",\"name\":\"Carlota Castro Farmacia\",\"description\":\"Farmacia especializada en dermoest\u00e9tica\",\"potentialAction\":[{\"@type\":\"SearchAction\",\"target\":{\"@type\":\"EntryPoint\",\"urlTemplate\":\"https:\/\/farmaciacarlotacastro.com\/?s={search_term_string}\"},\"query-input\":\"required name=search_term_string\"}],\"inLanguage\":\"en-US\"}]}<\/script>\n<!-- \/ Yoast SEO plugin. -->","yoast_head_json":{"title":"Tratamiento antiedad - Carlota Castro Farmacia","description":"Entre nuestros m\u00faltiples productos de dermocosmetica, cabe destacar nuestro tratamiento antiedad. Para eso y mucho m\u00e1s, no dudes en visitarnos!","robots":{"index":"index","follow":"follow","max-snippet":"max-snippet:-1","max-image-preview":"max-image-preview:large","max-video-preview":"max-video-preview:-1"},"canonical":"https:\/\/farmaciacarlotacastro.com\/en\/dermocosmetica\/","og_locale":"en_US","og_type":"article","og_title":"Tratamiento antiedad - Carlota Castro Farmacia","og_description":"Entre nuestros m\u00faltiples productos de dermocosmetica, cabe destacar nuestro tratamiento antiedad. Para eso y mucho m\u00e1s, no dudes en visitarnos!","og_url":"https:\/\/farmaciacarlotacastro.com\/en\/dermocosmetica\/","og_site_name":"Carlota Castro Farmacia","article_modified_time":"2023-08-25T13:00:44+00:00","twitter_card":"summary_large_image","twitter_misc":{"Est. reading time":"2 minutes"},"schema":{"@context":"https:\/\/schema.org","@graph":[{"@type":"WebPage","@id":"https:\/\/farmaciacarlotacastro.com\/dermocosmetica\/","url":"https:\/\/farmaciacarlotacastro.com\/dermocosmetica\/","name":"Tratamiento antiedad - Carlota Castro Farmacia","isPartOf":{"@id":"https:\/\/farmaciacarlotacastro.com\/#website"},"datePublished":"2023-05-29T12:01:50+00:00","dateModified":"2023-08-25T13:00:44+00:00","description":"Entre nuestros m\u00faltiples productos de dermocosmetica, cabe destacar nuestro tratamiento antiedad. Para eso y mucho m\u00e1s, no dudes en visitarnos!","breadcrumb":{"@id":"https:\/\/farmaciacarlotacastro.com\/dermocosmetica\/#breadcrumb"},"inLanguage":"en-US","potentialAction":[{"@type":"ReadAction","target":["https:\/\/farmaciacarlotacastro.com\/dermocosmetica\/"]}]},{"@type":"BreadcrumbList","@id":"https:\/\/farmaciacarlotacastro.com\/dermocosmetica\/#breadcrumb","itemListElement":[{"@type":"ListItem","position":1,"name":"Portada","item":"https:\/\/farmaciacarlotacastro.com\/"},{"@type":"ListItem","position":2,"name":"Dermocosm\u00e9tica"}]},{"@type":"WebSite","@id":"https:\/\/farmaciacarlotacastro.com\/#website","url":"https:\/\/farmaciacarlotacastro.com\/","name":"Carlota Castro Farmacia","description":"Farmacia especializada en dermoest\u00e9tica","potentialAction":[{"@type":"SearchAction","target":{"@type":"EntryPoint","urlTemplate":"https:\/\/farmaciacarlotacastro.com\/?s={search_term_string}"},"query-input":"required name=search_term_string"}],"inLanguage":"en-US"}]}},"_links":{"self":[{"href":"https:\/\/farmaciacarlotacastro.com\/en\/wp-json\/wp\/v2\/pages\/44","targetHints":{"allow":["GET"]}}],"collection":[{"href":"https:\/\/farmaciacarlotacastro.com\/en\/wp-json\/wp\/v2\/pages"}],"about":[{"href":"https:\/\/farmaciacarlotacastro.com\/en\/wp-json\/wp\/v2\/types\/page"}],"author":[{"embeddable":true,"href":"https:\/\/farmaciacarlotacastro.com\/en\/wp-json\/wp\/v2\/users\/2"}],"replies":[{"embeddable":true,"href":"https:\/\/farmaciacarlotacastro.com\/en\/wp-json\/wp\/v2\/comments?post=44"}],"version-history":[{"count":8,"href":"https:\/\/farmaciacarlotacastro.com\/en\/wp-json\/wp\/v2\/pages\/44\/revisions"}],"predecessor-version":[{"id":546,"href":"https:\/\/farmaciacarlotacastro.com\/en\/wp-json\/wp\/v2\/pages\/44\/revisions\/546"}],"wp:attachment":[{"href":"https:\/\/farmaciacarlotacastro.com\/en\/wp-json\/wp\/v2\/media?parent=44"}],"curies":[{"name":"wp","href":"https:\/\/api.w.org\/{rel}","templated":true}]}}