{"id":38,"date":"2023-05-29T13:48:50","date_gmt":"2023-05-29T11:48:50","guid":{"rendered":"https:\/\/farmaciacarlotacastro.com\/?page_id=38"},"modified":"2023-08-25T11:29:19","modified_gmt":"2023-08-25T09:29:19","slug":"inicio","status":"publish","type":"page","link":"https:\/\/farmaciacarlotacastro.com\/en\/","title":{"rendered":"Inicio"},"content":{"rendered":"<p>[et_pb_section fb_built=\u00bb1&#8243; admin_label=\u00bbSecci\u00f3n\u00bb _builder_version=\u00bb4.21.0&#8243; _module_preset=\u00bbdefault\u00bb background_color=\u00bbRGBA(255,255,255,0)\u00bb custom_padding=\u00bb0px||0px||false|false\u00bb global_colors_info=\u00bb{}\u00bb][et_pb_row admin_label=\u00bbSLIDER\u00bb _builder_version=\u00bb4.21.0&#8243; _module_preset=\u00bbdefault\u00bb background_color=\u00bb#FFFFFF\u00bb width=\u00bb100%\u00bb custom_margin=\u00bb||||false|false\u00bb custom_padding=\u00bb0px||0px||true|false\u00bb global_colors_info=\u00bb{}\u00bb][et_pb_column type=\u00bb4_4&#8243; _builder_version=\u00bb4.21.0&#8243; _module_preset=\u00bbdefault\u00bb global_colors_info=\u00bb{}\u00bb][et_pb_slider dot_nav_custom_color=\u00bb#4A2E2B\u00bb _builder_version=\u00bb4.21.0&#8243; _module_preset=\u00bbdefault\u00bb height=\u00bb681px\u00bb global_colors_info=\u00bb{}\u00bb][et_pb_slide _builder_version=\u00bb4.21.0&#8243; _module_preset=\u00bbdefault\u00bb background_enable_color=\u00bboff\u00bb background_image=\u00bbhttps:\/\/farmaciacarlotacastro.com\/wp-content\/uploads\/2023\/05\/home-slider-01.jpg\u00bb background_enable_image=\u00bbon\u00bb global_colors_info=\u00bb{}\u00bb sticky_transition=\u00bbon\u00bb][\/et_pb_slide][et_pb_slide _builder_version=\u00bb4.21.0&#8243; _module_preset=\u00bbdefault\u00bb background_enable_color=\u00bboff\u00bb background_image=\u00bbhttps:\/\/farmaciacarlotacastro.com\/wp-content\/uploads\/2023\/05\/home-slider-02.jpg\u00bb background_enable_image=\u00bbon\u00bb global_colors_info=\u00bb{}\u00bb sticky_transition=\u00bbon\u00bb][\/et_pb_slide][et_pb_slide _builder_version=\u00bb4.21.0&#8243; _module_preset=\u00bbdefault\u00bb background_enable_color=\u00bboff\u00bb background_image=\u00bbhttps:\/\/farmaciacarlotacastro.com\/wp-content\/uploads\/2023\/05\/home-slider-03.jpg\u00bb background_enable_image=\u00bbon\u00bb global_colors_info=\u00bb{}\u00bb sticky_transition=\u00bbon\u00bb][\/et_pb_slide][\/et_pb_slider][\/et_pb_column][\/et_pb_row][et_pb_row admin_label=\u00bbINTRO\u00bb _builder_version=\u00bb4.21.0&#8243; _module_preset=\u00bbdefault\u00bb background_color=\u00bb#FFFFFF\u00bb width=\u00bb100%\u00bb custom_margin=\u00bb||||false|false\u00bb custom_padding=\u00bb80px||80px||true|false\u00bb global_colors_info=\u00bb{}\u00bb][et_pb_column type=\u00bb4_4&#8243; _builder_version=\u00bb4.21.0&#8243; _module_preset=\u00bbdefault\u00bb global_colors_info=\u00bb{}\u00bb][et_pb_text _builder_version=\u00bb4.21.0&#8243; _module_preset=\u00bbdefault\u00bb text_orientation=\u00bbcenter\u00bb width=\u00bb34%\u00bb width_tablet=\u00bb90%\u00bb width_phone=\u00bb85%\u00bb width_last_edited=\u00bbon|tablet\u00bb module_alignment=\u00bbcenter\u00bb global_colors_info=\u00bb{}\u00bb]<\/p>\n<h1>Somos tu farmacia especializada en <span> dermocosm\u00e9tica<\/span><\/h1>\n<p>Ofrecemos una amplia variedad de <strong>productos dermocosm\u00e9ticos de alta calidad<\/strong>, seleccionados cuidadosamente de las <strong>mejores marcas<\/strong> del mercado, para satisfacer las necesidades de cada tipo de piel.[\/et_pb_text][\/et_pb_column][\/et_pb_row][et_pb_row column_structure=\u00bb1_4,1_4,1_4,1_4&#8243; use_custom_gutter=\u00bbon\u00bb gutter_width=\u00bb1&#8243; make_equal=\u00bbon\u00bb admin_label=\u00bbMOSAICO 1&#8243; _builder_version=\u00bb4.21.0&#8243; _module_preset=\u00bbdefault\u00bb width=\u00bb100%\u00bb custom_margin=\u00bb||||false|false\u00bb custom_padding=\u00bb0px||0px||true|false\u00bb global_colors_info=\u00bb{}\u00bb][et_pb_column type=\u00bb1_4&#8243; _builder_version=\u00bb4.21.0&#8243; _module_preset=\u00bbdefault\u00bb background_color=\u00bb#FFBA8D\u00bb background_image=\u00bbhttps:\/\/farmaciacarlotacastro.com\/wp-content\/uploads\/2023\/05\/home-farmacia-01.jpg\u00bb custom_padding=\u00bb||||false|false\u00bb custom_padding_tablet=\u00bb||||false|false\u00bb custom_padding_phone=\u00bb100%||||false|false\u00bb custom_padding_last_edited=\u00bbon|phone\u00bb global_colors_info=\u00bb{}\u00bb][\/et_pb_column][et_pb_column type=\u00bb1_4&#8243; _builder_version=\u00bb4.21.0&#8243; _module_preset=\u00bbdefault\u00bb background_color=\u00bb#FFBA8D\u00bb global_colors_info=\u00bb{}\u00bb][et_pb_blurb title=\u00bbAntiedad\u00bb image=\u00bbhttps:\/\/farmaciacarlotacastro.com\/wp-content\/uploads\/2023\/05\/ico-antiedad.svg\u00bb _builder_version=\u00bb4.21.0&#8243; _module_preset=\u00bbdefault\u00bb header_level=\u00bbh2&#8243; header_text_color=\u00bb#4A2E2B\u00bb body_text_color=\u00bb#FFFFFF\u00bb text_orientation=\u00bbcenter\u00bb custom_margin=\u00bb||||false|false\u00bb custom_padding=\u00bb105px|10px|105px|10px|true|true\u00bb custom_padding_tablet=\u00bb97px|10px|96px|10px|false|true\u00bb custom_padding_phone=\u00bb97px|10px|96px|10px|false|true\u00bb custom_padding_last_edited=\u00bbon|tablet\u00bb global_colors_info=\u00bb{}\u00bb]<\/p>\n<p>Tratamientos antiedad<\/p>\n<p>[\/et_pb_blurb][\/et_pb_column][et_pb_column type=\u00bb1_4&#8243; _builder_version=\u00bb4.21.0&#8243; _module_preset=\u00bbdefault\u00bb background_color=\u00bb#4A2E2B\u00bb background_image=\u00bbhttps:\/\/farmaciacarlotacastro.com\/wp-content\/uploads\/2023\/05\/home-farmacia-02.jpg\u00bb custom_padding_tablet=\u00bb\u00bb custom_padding_phone=\u00bb||100%||false|false\u00bb custom_padding_last_edited=\u00bbon|phone\u00bb global_colors_info=\u00bb{}\u00bb][\/et_pb_column][et_pb_column type=\u00bb1_4&#8243; _builder_version=\u00bb4.21.0&#8243; _module_preset=\u00bbdefault\u00bb background_color=\u00bb#4A2E2B\u00bb global_colors_info=\u00bb{}\u00bb][et_pb_blurb title=\u00bbHidrataci\u00f3n\u00bb image=\u00bbhttps:\/\/farmaciacarlotacastro.com\/wp-content\/uploads\/2023\/05\/ico-hidratacion.svg\u00bb _builder_version=\u00bb4.21.0&#8243; _module_preset=\u00bbdefault\u00bb header_level=\u00bbh2&#8243; header_text_color=\u00bb#FFBA8D\u00bb body_text_color=\u00bb#FFFFFF\u00bb text_orientation=\u00bbcenter\u00bb custom_margin=\u00bb||||false|false\u00bb custom_padding=\u00bb105px|10px|105px|10px|true|true\u00bb custom_padding_tablet=\u00bb97px|10px|96px|10px|false|true\u00bb custom_padding_phone=\u00bb97px|10px|96px|10px|false|true\u00bb custom_padding_last_edited=\u00bbon|tablet\u00bb global_colors_info=\u00bb{}\u00bb]<\/p>\n<p>An\u00e1lisis del nivel de hidrataci\u00f3n de la piel<\/p>\n<p>[\/et_pb_blurb][\/et_pb_column][\/et_pb_row][et_pb_row column_structure=\u00bb1_4,1_4,1_4,1_4&#8243; use_custom_gutter=\u00bbon\u00bb gutter_width=\u00bb1&#8243; make_equal=\u00bbon\u00bb admin_label=\u00bbMOSAICO 2&#8243; _builder_version=\u00bb4.21.0&#8243; _module_preset=\u00bbdefault\u00bb width=\u00bb100%\u00bb custom_margin=\u00bb||||false|false\u00bb custom_padding=\u00bb0px||0px||true|false\u00bb global_colors_info=\u00bb{}\u00bb][et_pb_column type=\u00bb1_4&#8243; _builder_version=\u00bb4.21.0&#8243; _module_preset=\u00bbdefault\u00bb background_color=\u00bb#FFFFFF\u00bb global_colors_info=\u00bb{}\u00bb][et_pb_blurb title=\u00bbElasticidad\u00bb image=\u00bbhttps:\/\/farmaciacarlotacastro.com\/wp-content\/uploads\/2023\/05\/ico-elasticidad.svg\u00bb _builder_version=\u00bb4.21.0&#8243; _module_preset=\u00bbdefault\u00bb header_level=\u00bbh2&#8243; header_text_color=\u00bb#FFBA8D\u00bb text_orientation=\u00bbcenter\u00bb custom_margin=\u00bb||||false|false\u00bb custom_padding=\u00bb115px|10px|115px|10px|true|true\u00bb custom_padding_tablet=\u00bb107px|10px|107px|10px|true|true\u00bb custom_padding_phone=\u00bb107px|10px|107px|10px|true|true\u00bb custom_padding_last_edited=\u00bbon|tablet\u00bb global_colors_info=\u00bb{}\u00bb]<\/p>\n<p>An\u00e1lisis del nivel de elasticidad de la piel<\/p>\n<p>[\/et_pb_blurb][\/et_pb_column][et_pb_column type=\u00bb1_4&#8243; _builder_version=\u00bb4.21.0&#8243; _module_preset=\u00bbdefault\u00bb background_color=\u00bb#FFFFFF\u00bb background_image=\u00bbhttps:\/\/farmaciacarlotacastro.com\/wp-content\/uploads\/2023\/05\/home-farmacia-03.jpg\u00bb custom_padding_tablet=\u00bb\u00bb custom_padding_phone=\u00bb||100%||false|false\u00bb custom_padding_last_edited=\u00bbon|tablet\u00bb global_colors_info=\u00bb{}\u00bb][\/et_pb_column][et_pb_column type=\u00bb1_4&#8243; _builder_version=\u00bb4.21.0&#8243; _module_preset=\u00bbdefault\u00bb background_color=\u00bb#FFFFFF\u00bb global_colors_info=\u00bb{}\u00bb][et_pb_blurb title=\u00bbRutinas\u00bb image=\u00bbhttps:\/\/farmaciacarlotacastro.com\/wp-content\/uploads\/2023\/05\/ico-hidratacion.svg\u00bb _builder_version=\u00bb4.21.0&#8243; _module_preset=\u00bbdefault\u00bb header_level=\u00bbh2&#8243; header_text_color=\u00bb#FFBA8D\u00bb text_orientation=\u00bbcenter\u00bb custom_margin=\u00bb||||false|false\u00bb custom_padding=\u00bb89px|10px|89px|10px|true|true\u00bb custom_padding_tablet=\u00bb81px|10px|81px|10px|true|true\u00bb custom_padding_phone=\u00bb81px|10px|81px|10px|true|true\u00bb custom_padding_last_edited=\u00bbon|tablet\u00bb global_colors_info=\u00bb{}\u00bb]<\/p>\n<p>Recomendaci\u00f3n de rutinas en funci\u00f3n del tipo de piel<\/p>\n<p>[\/et_pb_blurb][\/et_pb_column][et_pb_column type=\u00bb1_4&#8243; _builder_version=\u00bb4.21.0&#8243; _module_preset=\u00bbdefault\u00bb background_color=\u00bb#FFFFFF\u00bb background_image=\u00bbhttps:\/\/farmaciacarlotacastro.com\/wp-content\/uploads\/2023\/05\/home-farmacia-04.jpg\u00bb custom_padding_tablet=\u00bb\u00bb custom_padding_phone=\u00bb||100%||false|false\u00bb custom_padding_last_edited=\u00bbon|tablet\u00bb global_colors_info=\u00bb{}\u00bb][\/et_pb_column][\/et_pb_row][\/et_pb_section]<\/p>","protected":false},"excerpt":{"rendered":"<p>Somos tu farmacia especializada en dermocosm\u00e9tica Ofrecemos una amplia variedad de productos dermocosm\u00e9ticos de alta calidad, seleccionados cuidadosamente de las mejores marcas del mercado, para satisfacer las necesidades de cada tipo de piel.Tratamientos antiedadAn\u00e1lisis del nivel de hidrataci\u00f3n de la pielAn\u00e1lisis del nivel de elasticidad de la pielRecomendaci\u00f3n de rutinas en funci\u00f3n del tipo de [&hellip;]<\/p>","protected":false},"author":2,"featured_media":0,"parent":0,"menu_order":0,"comment_status":"closed","ping_status":"closed","template":"","meta":{"_et_pb_use_builder":"on","_et_pb_old_content":"","_et_gb_content_width":"","footnotes":""},"class_list":["post-38","page","type-page","status-publish","hentry"],"yoast_head":"<!-- This site is optimized with the Yoast SEO plugin v20.8 - https:\/\/yoast.com\/wordpress\/plugins\/seo\/ -->\n<title>Farmacia l\u00edder en Dermocosmetica - Farmacia Carlota Castro<\/title>\n<meta name=\"description\" content=\"Farmacia Carlota Castro somos tu farmacia especializada en dermocosmetica. Contamos con productos de alta calidad de la mano de las mejores marcas del mercado\" \/>\n<meta name=\"robots\" content=\"index, follow, max-snippet:-1, max-image-preview:large, max-video-preview:-1\" \/>\n<link rel=\"canonical\" href=\"https:\/\/farmaciacarlotacastro.com\/en\/\" \/>\n<meta property=\"og:locale\" content=\"en_US\" \/>\n<meta property=\"og:type\" content=\"article\" \/>\n<meta property=\"og:title\" content=\"Farmacia l\u00edder en Dermocosmetica - Farmacia Carlota Castro\" \/>\n<meta property=\"og:description\" content=\"Farmacia Carlota Castro somos tu farmacia especializada en dermocosmetica. Contamos con productos de alta calidad de la mano de las mejores marcas del mercado\" \/>\n<meta property=\"og:url\" content=\"https:\/\/farmaciacarlotacastro.com\/en\/\" \/>\n<meta property=\"og:site_name\" content=\"Carlota Castro Farmacia\" \/>\n<meta property=\"article:modified_time\" content=\"2023-08-25T09:29:19+00:00\" \/>\n<meta name=\"twitter:card\" content=\"summary_large_image\" \/>\n<meta name=\"twitter:label1\" content=\"Est. reading time\" \/>\n\t<meta name=\"twitter:data1\" content=\"2 minutes\" \/>\n<script type=\"application\/ld+json\" class=\"yoast-schema-graph\">{\"@context\":\"https:\/\/schema.org\",\"@graph\":[{\"@type\":\"WebPage\",\"@id\":\"https:\/\/farmaciacarlotacastro.com\/\",\"url\":\"https:\/\/farmaciacarlotacastro.com\/\",\"name\":\"Farmacia l\u00edder en Dermocosmetica - Farmacia Carlota Castro\",\"isPartOf\":{\"@id\":\"https:\/\/farmaciacarlotacastro.com\/#website\"},\"datePublished\":\"2023-05-29T11:48:50+00:00\",\"dateModified\":\"2023-08-25T09:29:19+00:00\",\"description\":\"Farmacia Carlota Castro somos tu farmacia especializada en dermocosmetica. Contamos con productos de alta calidad de la mano de las mejores marcas del mercado\",\"breadcrumb\":{\"@id\":\"https:\/\/farmaciacarlotacastro.com\/#breadcrumb\"},\"inLanguage\":\"en-US\",\"potentialAction\":[{\"@type\":\"ReadAction\",\"target\":[\"https:\/\/farmaciacarlotacastro.com\/\"]}]},{\"@type\":\"BreadcrumbList\",\"@id\":\"https:\/\/farmaciacarlotacastro.com\/#breadcrumb\",\"itemListElement\":[{\"@type\":\"ListItem\",\"position\":1,\"name\":\"Portada\",\"item\":\"https:\/\/farmaciacarlotacastro.com\/\"},{\"@type\":\"ListItem\",\"position\":2,\"name\":\"Inicio\"}]},{\"@type\":\"WebSite\",\"@id\":\"https:\/\/farmaciacarlotacastro.com\/#website\",\"url\":\"https:\/\/farmaciacarlotacastro.com\/\",\"name\":\"Carlota Castro Farmacia\",\"description\":\"Farmacia especializada en dermoest\u00e9tica\",\"potentialAction\":[{\"@type\":\"SearchAction\",\"target\":{\"@type\":\"EntryPoint\",\"urlTemplate\":\"https:\/\/farmaciacarlotacastro.com\/?s={search_term_string}\"},\"query-input\":\"required name=search_term_string\"}],\"inLanguage\":\"en-US\"}]}<\/script>\n<!-- \/ Yoast SEO plugin. -->","yoast_head_json":{"title":"Farmacia l\u00edder en Dermocosmetica - Farmacia Carlota Castro","description":"Farmacia Carlota Castro somos tu farmacia especializada en dermocosmetica. Contamos con productos de alta calidad de la mano de las mejores marcas del mercado","robots":{"index":"index","follow":"follow","max-snippet":"max-snippet:-1","max-image-preview":"max-image-preview:large","max-video-preview":"max-video-preview:-1"},"canonical":"https:\/\/farmaciacarlotacastro.com\/en\/","og_locale":"en_US","og_type":"article","og_title":"Farmacia l\u00edder en Dermocosmetica - Farmacia Carlota Castro","og_description":"Farmacia Carlota Castro somos tu farmacia especializada en dermocosmetica. Contamos con productos de alta calidad de la mano de las mejores marcas del mercado","og_url":"https:\/\/farmaciacarlotacastro.com\/en\/","og_site_name":"Carlota Castro Farmacia","article_modified_time":"2023-08-25T09:29:19+00:00","twitter_card":"summary_large_image","twitter_misc":{"Est. reading time":"2 minutes"},"schema":{"@context":"https:\/\/schema.org","@graph":[{"@type":"WebPage","@id":"https:\/\/farmaciacarlotacastro.com\/","url":"https:\/\/farmaciacarlotacastro.com\/","name":"Farmacia l\u00edder en Dermocosmetica - Farmacia Carlota Castro","isPartOf":{"@id":"https:\/\/farmaciacarlotacastro.com\/#website"},"datePublished":"2023-05-29T11:48:50+00:00","dateModified":"2023-08-25T09:29:19+00:00","description":"Farmacia Carlota Castro somos tu farmacia especializada en dermocosmetica. Contamos con productos de alta calidad de la mano de las mejores marcas del mercado","breadcrumb":{"@id":"https:\/\/farmaciacarlotacastro.com\/#breadcrumb"},"inLanguage":"en-US","potentialAction":[{"@type":"ReadAction","target":["https:\/\/farmaciacarlotacastro.com\/"]}]},{"@type":"BreadcrumbList","@id":"https:\/\/farmaciacarlotacastro.com\/#breadcrumb","itemListElement":[{"@type":"ListItem","position":1,"name":"Portada","item":"https:\/\/farmaciacarlotacastro.com\/"},{"@type":"ListItem","position":2,"name":"Inicio"}]},{"@type":"WebSite","@id":"https:\/\/farmaciacarlotacastro.com\/#website","url":"https:\/\/farmaciacarlotacastro.com\/","name":"Carlota Castro Farmacia","description":"Farmacia especializada en dermoest\u00e9tica","potentialAction":[{"@type":"SearchAction","target":{"@type":"EntryPoint","urlTemplate":"https:\/\/farmaciacarlotacastro.com\/?s={search_term_string}"},"query-input":"required name=search_term_string"}],"inLanguage":"en-US"}]}},"_links":{"self":[{"href":"https:\/\/farmaciacarlotacastro.com\/en\/wp-json\/wp\/v2\/pages\/38","targetHints":{"allow":["GET"]}}],"collection":[{"href":"https:\/\/farmaciacarlotacastro.com\/en\/wp-json\/wp\/v2\/pages"}],"about":[{"href":"https:\/\/farmaciacarlotacastro.com\/en\/wp-json\/wp\/v2\/types\/page"}],"author":[{"embeddable":true,"href":"https:\/\/farmaciacarlotacastro.com\/en\/wp-json\/wp\/v2\/users\/2"}],"replies":[{"embeddable":true,"href":"https:\/\/farmaciacarlotacastro.com\/en\/wp-json\/wp\/v2\/comments?post=38"}],"version-history":[{"count":32,"href":"https:\/\/farmaciacarlotacastro.com\/en\/wp-json\/wp\/v2\/pages\/38\/revisions"}],"predecessor-version":[{"id":537,"href":"https:\/\/farmaciacarlotacastro.com\/en\/wp-json\/wp\/v2\/pages\/38\/revisions\/537"}],"wp:attachment":[{"href":"https:\/\/farmaciacarlotacastro.com\/en\/wp-json\/wp\/v2\/media?parent=38"}],"curies":[{"name":"wp","href":"https:\/\/api.w.org\/{rel}","templated":true}]}}